{"id":7,"date":"2006-09-27T13:05:02","date_gmt":"2006-09-27T11:05:02","guid":{"rendered":"http:\/\/bayern-wolln-mer.net\/blog\/index.php\/heineken-studie-eurotopia\/"},"modified":"2018-05-16T16:16:07","modified_gmt":"2018-05-16T14:16:07","slug":"heineken-studie-eurotopia","status":"publish","type":"page","link":"https:\/\/www.bayern-wolln-mer.net\/blog\/index.php\/heineken-studie-eurotopia","title":{"rendered":"Heinekens Europa-Region"},"content":{"rendered":"<p align=\"left\"><img title=\"Das Frankenland in Europa\" src=\"https:\/\/i0.wp.com\/www.bayern-wolln-mer.net\/heineken_BRD_franken.jpg?ssl=1\" alt=\"Das Frankenland in Europa\" align=\"left\" data-recalc-dims=\"1\" \/>Bierproduzent Dr. A. H. Heineken hat 1992 \u00dcberlegungen zur Neugliederung von Europa angestellt und bei verschiedenen Universit\u00e4ten eine Studie mit dem Titel &#8220;<strong>The United States of Europe<\/strong> (A Eurotopie? (Eurotopia))&#8221; in Auftrag gegeben.<\/p>\n<p align=\"left\">Die Idee, die hinter dem Vorschlag stand, war dass Europa internationalem Frieden, der Sicherheit und der Wirtschaft am besten dient, wenn es in kleinere Regionen mit mindestens <strong>5 Millionen<\/strong> und h\u00f6chstens <strong>10 Millionen<\/strong> Einwohnern aufgeteilt wird. Dabei sollten aber historische und ethnische Gesichtspunkte ber\u00fccksichtigt werden, um Landsmannschaftliche Verbindungen nicht zu st\u00f6ren (inzwischen gibt es einen <a href=\"https:\/\/de.wikipedia.org\/wiki\/Eurotopia\" target=\"_blank\">Wikipedia-Eintrag<\/a>).<\/p>\n<p align=\"left\"><strong>Vereinigten Staaten von Europa<\/strong><\/p>\n<p align=\"left\"><a title=\"Franken in den Vereinigten Staaten von Europa\" href=\"https:\/\/i2.wp.com\/www.bayern-wolln-mer.net\/heineken_europa_franken.jpg?ssl=1\" target=\"_blank\"><img title=\"Heinekens Vereinigten Staaten von Europa\" src=\"https:\/\/i1.wp.com\/www.bayern-wolln-mer.net\/heineken_europa_franken_kl.jpg?ssl=1\" alt=\"Heinekens Vereinigten Staaten von Europa\" align=\"left\" data-recalc-dims=\"1\" \/><\/a>Das Ergebnis gliedert Europa in 75 wirtschaftlichere Regionen und ist auf der Internetseite <a href=\"https:\/\/www.studybuddy.nl\/\">https:\/\/www.studybuddy.nl\/<\/a> zu finden. Franken w\u00fcrde darin die Region Nr. 28 (rot) bilden und w\u00e4re damit immerhin fl\u00e4chenm\u00e4\u00dfig so gro\u00df wie <strong>Belgien<\/strong> und bei der Einwohnerzahl mit <strong>Irland<\/strong> oder <strong>Norwegen<\/strong> zu vergleichen (Bitte klicken Sie auf die Grafik<a target=\"_blank\"> um die gesamte Europakarte<\/a> zu sehen). Ein <strong>Bundesland Franken<\/strong> w\u00e4re also durch aus konkurrenzf\u00e4hig!<\/p>\n<p align=\"left\">Dies sollte doch ein Denkansto\u00df zum Thema Neugliederung der Bundesl\u00e4nder in Deutschland sein und zeigen, welche Rolle <a title=\"Frankenland Europaregion\" href=\"https:\/\/bayern-wolln-mer.net\/blog\/index.php\/archives\/category\/franken-in-europa\/\" target=\"_blank\">Franken in Europa<\/a> spielen sollte.<\/p>\n<p style=\"text-align: center;\"><img title=\"Europaregion Franken\" src=\"https:\/\/i0.wp.com\/www.bayern-wolln-mer.net\/Europaregion_franken.jpg?ssl=1\" alt=\"Europaregion Franken\" data-recalc-dims=\"1\" \/><\/p>\n<p><a href=\"https:\/\/www.focus.de\/politik\/deutschland\/volksbegehren-freiheit-fuer-franken_aid_162630.html\" target=\"_blank\">VOLKSBEGEHREN: Freiheit f\u00fcr Franken<\/a><br \/>\nAus FOCUS Nr. 22 (1997)<\/p>\n","protected":false},"excerpt":{"rendered":"<p>Bierproduzent Dr. A. H. Heineken hat 1992 \u00dcberlegungen zur Neugliederung von Europa angestellt und bei verschiedenen Universit\u00e4ten eine Studie mit dem Titel &#8220;The United States of Europe (A Eurotopie? (Eurotopia))&#8221; in Auftrag gegeben. Die Idee, die hinter dem Vorschlag stand, war dass Europa internationalem Frieden, der Sicherheit und der Wirtschaft am besten dient, wenn es [&hellip;]<\/p>\n","protected":false},"author":3,"featured_media":0,"parent":0,"menu_order":2,"comment_status":"open","ping_status":"closed","template":"","meta":{"spay_email":""},"yoast_head":"<!-- This site is optimized with the Yoast SEO plugin v18.2 - https:\/\/yoast.com\/wordpress\/plugins\/seo\/ -->\n<meta name=\"robots\" content=\"index, follow, max-snippet:-1, max-image-preview:large, max-video-preview:-1\" \/>\n<link rel=\"canonical\" href=\"https:\/\/www.bayern-wolln-mer.net\/blog\/index.php\/heineken-studie-eurotopia\" \/>\n<meta property=\"og:locale\" content=\"de_DE\" \/>\n<meta property=\"og:type\" content=\"article\" \/>\n<meta property=\"og:title\" content=\"Heinekens Europa-Region - Bayern-wolln-mer.net\" \/>\n<meta property=\"og:description\" content=\"Bierproduzent Dr. A. H. Heineken hat 1992 \u00dcberlegungen zur Neugliederung von Europa angestellt und bei verschiedenen Universit\u00e4ten eine Studie mit dem Titel &#8220;The United States of Europe (A Eurotopie? (Eurotopia))&#8221; in Auftrag gegeben. Die Idee, die hinter dem Vorschlag stand, war dass Europa internationalem Frieden, der Sicherheit und der Wirtschaft am besten dient, wenn es [&hellip;]\" \/>\n<meta property=\"og:url\" content=\"https:\/\/www.bayern-wolln-mer.net\/blog\/index.php\/heineken-studie-eurotopia\" \/>\n<meta property=\"og:site_name\" content=\"Bayern-wolln-mer.net\" \/>\n<meta property=\"article:modified_time\" content=\"2018-05-16T14:16:07+00:00\" \/>\n<meta property=\"og:image\" content=\"https:\/\/www.bayern-wolln-mer.net\/heineken_BRD_franken.jpg\" \/>\n<meta name=\"twitter:card\" content=\"summary_large_image\" \/>\n<meta name=\"twitter:label1\" content=\"Gesch\u00e4tzte Lesezeit\" \/>\n\t<meta name=\"twitter:data1\" content=\"1\u00a0Minute\" \/>\n<script type=\"application\/ld+json\" class=\"yoast-schema-graph\">{\"@context\":\"https:\/\/schema.org\",\"@graph\":[{\"@type\":\"WebSite\",\"@id\":\"https:\/\/www.bayern-wolln-mer.net\/blog\/#website\",\"url\":\"https:\/\/www.bayern-wolln-mer.net\/blog\/\",\"name\":\"Bayern-wolln-mer.net\",\"description\":\"Frankenblog! Frei statt Bayern! Freiheit f\u00fcr Franken!\",\"potentialAction\":[{\"@type\":\"SearchAction\",\"target\":{\"@type\":\"EntryPoint\",\"urlTemplate\":\"https:\/\/www.bayern-wolln-mer.net\/blog\/?s={search_term_string}\"},\"query-input\":\"required name=search_term_string\"}],\"inLanguage\":\"de\"},{\"@type\":\"ImageObject\",\"@id\":\"https:\/\/www.bayern-wolln-mer.net\/blog\/index.php\/heineken-studie-eurotopia#primaryimage\",\"inLanguage\":\"de\",\"url\":\"https:\/\/www.bayern-wolln-mer.net\/heineken_BRD_franken.jpg\",\"contentUrl\":\"https:\/\/www.bayern-wolln-mer.net\/heineken_BRD_franken.jpg\"},{\"@type\":\"WebPage\",\"@id\":\"https:\/\/www.bayern-wolln-mer.net\/blog\/index.php\/heineken-studie-eurotopia#webpage\",\"url\":\"https:\/\/www.bayern-wolln-mer.net\/blog\/index.php\/heineken-studie-eurotopia\",\"name\":\"Heinekens Europa-Region - Bayern-wolln-mer.net\",\"isPartOf\":{\"@id\":\"https:\/\/www.bayern-wolln-mer.net\/blog\/#website\"},\"primaryImageOfPage\":{\"@id\":\"https:\/\/www.bayern-wolln-mer.net\/blog\/index.php\/heineken-studie-eurotopia#primaryimage\"},\"datePublished\":\"2006-09-27T11:05:02+00:00\",\"dateModified\":\"2018-05-16T14:16:07+00:00\",\"breadcrumb\":{\"@id\":\"https:\/\/www.bayern-wolln-mer.net\/blog\/index.php\/heineken-studie-eurotopia#breadcrumb\"},\"inLanguage\":\"de\",\"potentialAction\":[{\"@type\":\"ReadAction\",\"target\":[\"https:\/\/www.bayern-wolln-mer.net\/blog\/index.php\/heineken-studie-eurotopia\"]}]},{\"@type\":\"BreadcrumbList\",\"@id\":\"https:\/\/www.bayern-wolln-mer.net\/blog\/index.php\/heineken-studie-eurotopia#breadcrumb\",\"itemListElement\":[{\"@type\":\"ListItem\",\"position\":1,\"name\":\"Startseite\",\"item\":\"https:\/\/www.bayern-wolln-mer.net\/blog\"},{\"@type\":\"ListItem\",\"position\":2,\"name\":\"Heinekens Europa-Region\"}]}]}<\/script>\n<!-- \/ Yoast SEO plugin. -->","yoast_head_json":{"robots":{"index":"index","follow":"follow","max-snippet":"max-snippet:-1","max-image-preview":"max-image-preview:large","max-video-preview":"max-video-preview:-1"},"canonical":"https:\/\/www.bayern-wolln-mer.net\/blog\/index.php\/heineken-studie-eurotopia","og_locale":"de_DE","og_type":"article","og_title":"Heinekens Europa-Region - Bayern-wolln-mer.net","og_description":"Bierproduzent Dr. A. H. Heineken hat 1992 \u00dcberlegungen zur Neugliederung von Europa angestellt und bei verschiedenen Universit\u00e4ten eine Studie mit dem Titel &#8220;The United States of Europe (A Eurotopie? (Eurotopia))&#8221; in Auftrag gegeben. Die Idee, die hinter dem Vorschlag stand, war dass Europa internationalem Frieden, der Sicherheit und der Wirtschaft am besten dient, wenn es [&hellip;]","og_url":"https:\/\/www.bayern-wolln-mer.net\/blog\/index.php\/heineken-studie-eurotopia","og_site_name":"Bayern-wolln-mer.net","article_modified_time":"2018-05-16T14:16:07+00:00","og_image":[{"url":"https:\/\/www.bayern-wolln-mer.net\/heineken_BRD_franken.jpg"}],"twitter_card":"summary_large_image","twitter_misc":{"Gesch\u00e4tzte Lesezeit":"1\u00a0Minute"},"schema":{"@context":"https:\/\/schema.org","@graph":[{"@type":"WebSite","@id":"https:\/\/www.bayern-wolln-mer.net\/blog\/#website","url":"https:\/\/www.bayern-wolln-mer.net\/blog\/","name":"Bayern-wolln-mer.net","description":"Frankenblog! Frei statt Bayern! Freiheit f\u00fcr Franken!","potentialAction":[{"@type":"SearchAction","target":{"@type":"EntryPoint","urlTemplate":"https:\/\/www.bayern-wolln-mer.net\/blog\/?s={search_term_string}"},"query-input":"required name=search_term_string"}],"inLanguage":"de"},{"@type":"ImageObject","@id":"https:\/\/www.bayern-wolln-mer.net\/blog\/index.php\/heineken-studie-eurotopia#primaryimage","inLanguage":"de","url":"https:\/\/www.bayern-wolln-mer.net\/heineken_BRD_franken.jpg","contentUrl":"https:\/\/www.bayern-wolln-mer.net\/heineken_BRD_franken.jpg"},{"@type":"WebPage","@id":"https:\/\/www.bayern-wolln-mer.net\/blog\/index.php\/heineken-studie-eurotopia#webpage","url":"https:\/\/www.bayern-wolln-mer.net\/blog\/index.php\/heineken-studie-eurotopia","name":"Heinekens Europa-Region - Bayern-wolln-mer.net","isPartOf":{"@id":"https:\/\/www.bayern-wolln-mer.net\/blog\/#website"},"primaryImageOfPage":{"@id":"https:\/\/www.bayern-wolln-mer.net\/blog\/index.php\/heineken-studie-eurotopia#primaryimage"},"datePublished":"2006-09-27T11:05:02+00:00","dateModified":"2018-05-16T14:16:07+00:00","breadcrumb":{"@id":"https:\/\/www.bayern-wolln-mer.net\/blog\/index.php\/heineken-studie-eurotopia#breadcrumb"},"inLanguage":"de","potentialAction":[{"@type":"ReadAction","target":["https:\/\/www.bayern-wolln-mer.net\/blog\/index.php\/heineken-studie-eurotopia"]}]},{"@type":"BreadcrumbList","@id":"https:\/\/www.bayern-wolln-mer.net\/blog\/index.php\/heineken-studie-eurotopia#breadcrumb","itemListElement":[{"@type":"ListItem","position":1,"name":"Startseite","item":"https:\/\/www.bayern-wolln-mer.net\/blog"},{"@type":"ListItem","position":2,"name":"Heinekens Europa-Region"}]}]}},"jetpack_sharing_enabled":true,"jetpack_shortlink":"https:\/\/wp.me\/P7UoAp-7","_links":{"self":[{"href":"https:\/\/www.bayern-wolln-mer.net\/blog\/index.php\/wp-json\/wp\/v2\/pages\/7"}],"collection":[{"href":"https:\/\/www.bayern-wolln-mer.net\/blog\/index.php\/wp-json\/wp\/v2\/pages"}],"about":[{"href":"https:\/\/www.bayern-wolln-mer.net\/blog\/index.php\/wp-json\/wp\/v2\/types\/page"}],"author":[{"embeddable":true,"href":"https:\/\/www.bayern-wolln-mer.net\/blog\/index.php\/wp-json\/wp\/v2\/users\/3"}],"replies":[{"embeddable":true,"href":"https:\/\/www.bayern-wolln-mer.net\/blog\/index.php\/wp-json\/wp\/v2\/comments?post=7"}],"version-history":[{"count":7,"href":"https:\/\/www.bayern-wolln-mer.net\/blog\/index.php\/wp-json\/wp\/v2\/pages\/7\/revisions"}],"predecessor-version":[{"id":1582,"href":"https:\/\/www.bayern-wolln-mer.net\/blog\/index.php\/wp-json\/wp\/v2\/pages\/7\/revisions\/1582"}],"wp:attachment":[{"href":"https:\/\/www.bayern-wolln-mer.net\/blog\/index.php\/wp-json\/wp\/v2\/media?parent=7"}],"curies":[{"name":"wp","href":"https:\/\/api.w.org\/{rel}","templated":true}]}}